{"id":145562,"date":"2014-12-12T10:33:34","date_gmt":"2014-12-12T15:33:34","guid":{"rendered":"https:\/\/lesentreprisesick.ca\/about-us\/"},"modified":"2025-03-10T14:43:33","modified_gmt":"2025-03-10T18:43:33","slug":"about-us","status":"publish","type":"page","link":"https:\/\/lesentreprisesick.ca\/en\/about-us\/","title":{"rendered":"About us"},"content":{"rendered":"<div class=\"wpb-content-wrapper\"><p>[vc_row unlock_row_content=&#8221;yes&#8221; row_height_percent=&#8221;55&#8243; override_padding=&#8221;yes&#8221; h_padding=&#8221;5&#8243; top_padding=&#8221;5&#8243; bottom_padding=&#8221;4&#8243; back_color=&#8221;color-wayh&#8221; back_image=&#8221;145235&#8243; back_position=&#8221;center top&#8221; overlay_color=&#8221;accent&#8221; overlay_alpha=&#8221;80&#8243; gutter_size=&#8221;3&#8243; column_width_percent=&#8221;100&#8243; shift_y=&#8221;0&#8243; z_index=&#8221;0&#8243; enable_bottom_divider=&#8221;default&#8221; bottom_divider=&#8221;gradient&#8221; shape_bottom_h_use_pixel=&#8221;true&#8221; shape_bottom_height_percent=&#8221;100&#8243; shape_bottom_color=&#8221;color-prif&#8221; shape_bottom_opacity=&#8221;50&#8243; shape_bottom_index=&#8221;0&#8243; content_parallax=&#8221;0&#8243; uncode_shortcode_id=&#8221;115330&#8243; back_color_type=&#8221;uncode-palette&#8221; overlay_color_type=&#8221;uncode-palette&#8221; shape_bottom_color_type=&#8221;uncode-palette&#8221;][vc_column column_width_percent=&#8221;100&#8243; position_vertical=&#8221;bottom&#8221; gutter_size=&#8221;3&#8243; style=&#8221;dark&#8221; overlay_alpha=&#8221;50&#8243; shift_x=&#8221;0&#8243; shift_y=&#8221;0&#8243; medium_width=&#8221;0&#8243; zoom_width=&#8221;0&#8243; zoom_height=&#8221;0&#8243; width=&#8221;1\/1&#8243;][vc_custom_heading heading_semantic=&#8221;h1&#8243; text_size=&#8221;&#8221; sub_reduced=&#8221;yes&#8221; uncode_shortcode_id=&#8221;155173&#8243;]A Team of Passionate Experts<br \/>\nCommitted to Your Home[\/vc_custom_heading][\/vc_column][\/vc_row][vc_row unlock_row_content=&#8221;yes&#8221; row_height_percent=&#8221;0&#8243; override_padding=&#8221;yes&#8221; h_padding=&#8221;5&#8243; top_padding=&#8221;5&#8243; bottom_padding=&#8221;3&#8243; overlay_color=&#8221;color-xsdn&#8221; overlay_alpha=&#8221;70&#8243; gutter_size=&#8221;100&#8243; column_width_percent=&#8221;100&#8243; shift_y=&#8221;0&#8243; z_index=&#8221;0&#8243; content_parallax=&#8221;0&#8243; style=&#8221;inherited&#8221; row_name=&#8221;Welcome&#8221; uncode_shortcode_id=&#8221;630842&#8243; overlay_color_type=&#8221;uncode-palette&#8221;][vc_column column_width_percent=&#8221;100&#8243; gutter_size=&#8221;1&#8243; overlay_alpha=&#8221;50&#8243; shift_x=&#8221;0&#8243; shift_y=&#8221;0&#8243; z_index=&#8221;0&#8243; medium_width=&#8221;0&#8243; width=&#8221;4\/12&#8243;][vc_custom_heading text_size=&#8221;h3&#8243; css_animation=&#8221;alpha-anim&#8221; text_align=&#8221;text-left&#8221; text_uppercase=&#8221;&#8221; uncode_shortcode_id=&#8221;921465&#8243;]Les entreprises I.C.K.[\/vc_custom_heading][\/vc_column][vc_column column_width_percent=&#8221;100&#8243; gutter_size=&#8221;3&#8243; font_family=&#8221;font-846016&#8243; overlay_alpha=&#8221;50&#8243; shift_x=&#8221;0&#8243; shift_y=&#8221;0&#8243; shift_y_down=&#8221;0&#8243; z_index=&#8221;0&#8243; medium_width=&#8221;0&#8243; mobile_width=&#8221;0&#8243; zoom_width=&#8221;0&#8243; zoom_height=&#8221;0&#8243; width=&#8221;8\/12&#8243; uncode_shortcode_id=&#8221;128109&#8243;][vc_row_inner row_inner_height_percent=&#8221;0&#8243; overlay_alpha=&#8221;50&#8243; gutter_size=&#8221;4&#8243; shift_y=&#8221;0&#8243; limit_content=&#8221;&#8221;][vc_column_inner width=&#8221;1\/1&#8243;][vc_custom_heading text_font=&#8221;font-131736&#8243; text_size=&#8221;h1&#8243; text_weight=&#8221;400&#8243; uncode_shortcode_id=&#8221;751315&#8243;]For over ten years, Les Entreprises I.C.K. has been assisting homeowners with their residential renovation projects. Our approach is based on three pillars: quality, meeting deadlines, and transparency. We combine technical expertise with attention to detail to transform your living spaces with tailored solutions.[\/vc_custom_heading][vc_custom_heading heading_semantic=&#8221;h6&#8243; text_size=&#8221;h6&#8243; text_weight=&#8221;400&#8243; text_transform=&#8221;uppercase&#8221; uncode_shortcode_id=&#8221;191211&#8243;]\u25cf Service Areas[\/vc_custom_heading][uncode_list larger=&#8221;yes&#8221; icon=&#8221;fa fa-arrow-right4&#8243; uncode_shortcode_id=&#8221;465658&#8243;]<\/p>\n<ul>\n<li>Island of Montreal: North of Highway 40<\/li>\n<li>North Shore of Montreal and Laurentians<\/li>\n<li>Lanaudi\u00e8re: Terrebonne<\/li>\n<\/ul>\n<p>[\/uncode_list][\/vc_column_inner][\/vc_row_inner][\/vc_column][\/vc_row][vc_row unlock_row_content=&#8221;yes&#8221; row_height_percent=&#8221;0&#8243; override_padding=&#8221;yes&#8221; h_padding=&#8221;5&#8243; top_padding=&#8221;0&#8243; bottom_padding=&#8221;0&#8243; overlay_alpha=&#8221;50&#8243; gutter_size=&#8221;3&#8243; column_width_percent=&#8221;100&#8243; shift_y=&#8221;0&#8243; z_index=&#8221;0&#8243; content_parallax=&#8221;0&#8243; uncode_shortcode_id=&#8221;110861&#8243;][vc_column width=&#8221;1\/1&#8243;][vc_separator sep_color=&#8221;,Default&#8221;][\/vc_column][\/vc_row][vc_row unlock_row_content=&#8221;yes&#8221; row_height_percent=&#8221;0&#8243; override_padding=&#8221;yes&#8221; h_padding=&#8221;5&#8243; top_padding=&#8221;3&#8243; bottom_padding=&#8221;3&#8243; overlay_alpha=&#8221;70&#8243; gutter_size=&#8221;100&#8243; column_width_percent=&#8221;100&#8243; shift_y=&#8221;0&#8243; z_index=&#8221;0&#8243; content_parallax=&#8221;0&#8243; style=&#8221;inherited&#8221; row_name=&#8221;Welcome&#8221; uncode_shortcode_id=&#8221;110540&#8243;][vc_column column_width_percent=&#8221;100&#8243; gutter_size=&#8221;1&#8243; overlay_alpha=&#8221;50&#8243; shift_x=&#8221;0&#8243; shift_y=&#8221;0&#8243; z_index=&#8221;0&#8243; medium_width=&#8221;0&#8243; width=&#8221;4\/12&#8243;][vc_custom_heading text_size=&#8221;h3&#8243; css_animation=&#8221;alpha-anim&#8221; text_align=&#8221;text-left&#8221; text_uppercase=&#8221;&#8221; uncode_shortcode_id=&#8221;914708&#8243;]Our Values[\/vc_custom_heading][\/vc_column][vc_column column_width_percent=&#8221;100&#8243; gutter_size=&#8221;3&#8243; font_family=&#8221;font-846016&#8243; overlay_alpha=&#8221;50&#8243; shift_x=&#8221;0&#8243; shift_y=&#8221;0&#8243; shift_y_down=&#8221;0&#8243; z_index=&#8221;0&#8243; medium_width=&#8221;0&#8243; mobile_width=&#8221;0&#8243; zoom_width=&#8221;0&#8243; zoom_height=&#8221;0&#8243; width=&#8221;8\/12&#8243; uncode_shortcode_id=&#8221;143381&#8243;][vc_row_inner limit_content=&#8221;&#8221;][vc_column_inner width=&#8221;1\/3&#8243;][vc_custom_heading text_size=&#8221;h3&#8243; css_animation=&#8221;alpha-anim&#8221; text_align=&#8221;text-left&#8221; text_uppercase=&#8221;&#8221; uncode_shortcode_id=&#8221;121310&#8243; subheading=&#8221;We use high-quality materials and proven techniques.&#8221;]Quality &amp; Durability[\/vc_custom_heading][\/vc_column_inner][vc_column_inner width=&#8221;1\/3&#8243;][vc_custom_heading text_size=&#8221;h3&#8243; css_animation=&#8221;alpha-anim&#8221; text_align=&#8221;text-left&#8221; text_uppercase=&#8221;&#8221; uncode_shortcode_id=&#8221;489358&#8243; subheading=&#8221;Every project is meticulously planned to avoid delays.&#8221;]Respect for Deadlines[\/vc_custom_heading][\/vc_column_inner][vc_column_inner width=&#8221;1\/3&#8243;][vc_custom_heading text_size=&#8221;h3&#8243; css_animation=&#8221;alpha-anim&#8221; text_align=&#8221;text-left&#8221; text_uppercase=&#8221;&#8221; uncode_shortcode_id=&#8221;739120&#8243; subheading=&#8221;Each project is unique, and we adapt to your specific needs.&#8221;]Personalized Service[\/vc_custom_heading][\/vc_column_inner][\/vc_row_inner][\/vc_column][\/vc_row][vc_row unlock_row_content=&#8221;yes&#8221; row_height_percent=&#8221;0&#8243; override_padding=&#8221;yes&#8221; h_padding=&#8221;5&#8243; top_padding=&#8221;0&#8243; bottom_padding=&#8221;0&#8243; overlay_alpha=&#8221;50&#8243; gutter_size=&#8221;3&#8243; column_width_percent=&#8221;100&#8243; shift_y=&#8221;0&#8243; z_index=&#8221;0&#8243; content_parallax=&#8221;0&#8243; uncode_shortcode_id=&#8221;119493&#8243;][vc_column width=&#8221;1\/1&#8243;][vc_separator sep_color=&#8221;,Default&#8221;][\/vc_column][\/vc_row][vc_row unlock_row_content=&#8221;yes&#8221; row_height_percent=&#8221;0&#8243; override_padding=&#8221;yes&#8221; h_padding=&#8221;5&#8243; top_padding=&#8221;3&#8243; bottom_padding=&#8221;3&#8243; overlay_alpha=&#8221;70&#8243; gutter_size=&#8221;100&#8243; column_width_percent=&#8221;100&#8243; border_color=&#8221;color-gyho&#8221; border_style=&#8221;solid&#8221; shift_y=&#8221;0&#8243; z_index=&#8221;0&#8243; content_parallax=&#8221;0&#8243; style=&#8221;inherited&#8221; row_name=&#8221;Welcome&#8221; css=&#8221;.vc_custom_1740149360687{border-bottom-width: 1px !important;}&#8221; uncode_shortcode_id=&#8221;198757&#8243; border_color_type=&#8221;uncode-palette&#8221;][vc_column column_width_percent=&#8221;100&#8243; gutter_size=&#8221;1&#8243; overlay_alpha=&#8221;50&#8243; shift_x=&#8221;0&#8243; shift_y=&#8221;0&#8243; z_index=&#8221;0&#8243; medium_width=&#8221;0&#8243; width=&#8221;4\/12&#8243;][vc_custom_heading text_size=&#8221;h3&#8243; text_align=&#8221;text-left&#8221; text_uppercase=&#8221;&#8221; uncode_shortcode_id=&#8221;504848&#8243;]Our Partners[\/vc_custom_heading][\/vc_column][vc_column column_width_percent=&#8221;100&#8243; gutter_size=&#8221;3&#8243; overlay_alpha=&#8221;50&#8243; shift_x=&#8221;0&#8243; shift_y=&#8221;0&#8243; medium_width=&#8221;0&#8243; zoom_width=&#8221;0&#8243; zoom_height=&#8221;0&#8243; width=&#8221;8\/12&#8243;][vc_row_inner limit_content=&#8221;&#8221;][vc_column_inner width=&#8221;1\/2&#8243;][vc_custom_heading text_size=&#8221;h3&#8243; css_animation=&#8221;alpha-anim&#8221; text_align=&#8221;text-left&#8221; text_uppercase=&#8221;&#8221; uncode_shortcode_id=&#8221;145800&#8243; subheading=&#8221;D-COR is one of our main clients. They provide us with plans and specifications for most of our major projects. D-COR is also well known for its success in the TV show &quot;Sell or Renovate&quot; broadcast on Canal Vie They create all the plans featured in the show.&#8221;]D-COR[\/vc_custom_heading][vc_button button_color=&#8221;accent&#8221; size=&#8221;btn-sm&#8221; hover_fx=&#8221;outlined&#8221; outline=&#8221;yes&#8221; border_width=&#8221;0&#8243; icon_position=&#8221;right&#8221; link=&#8221;url:http%3A%2F%2Fd-cor.com%2F|title:D-COR|target:_blank|&#8221; button_color_type=&#8221;uncode-palette&#8221; uncode_shortcode_id=&#8221;115976&#8243; icon=&#8221;fa fa-arrow-right2&#8243;]Website[\/vc_button][\/vc_column_inner][vc_column_inner width=&#8221;1\/2&#8243;][vc_custom_heading text_size=&#8221;h3&#8243; css_animation=&#8221;alpha-anim&#8221; text_align=&#8221;text-left&#8221; text_uppercase=&#8221;&#8221; uncode_shortcode_id=&#8221;109565&#8243; subheading=&#8221;We are a contractor featured on the popular show Sell or Renovate.&#8221;]T.V[\/vc_custom_heading][vc_button button_color=&#8221;accent&#8221; size=&#8221;btn-sm&#8221; hover_fx=&#8221;outlined&#8221; outline=&#8221;yes&#8221; border_width=&#8221;0&#8243; icon_position=&#8221;right&#8221; link=&#8221;url:https%3A%2F%2Fwww.canalvie.com%2Femissions%2Fvendre-ou-renover-au-quebec-1.1823607|title:T.V|target:_blank|&#8221; button_color_type=&#8221;uncode-palette&#8221; uncode_shortcode_id=&#8221;843414&#8243; icon=&#8221;fa fa-arrow-right2&#8243;]Website[\/vc_button][\/vc_column_inner][\/vc_row_inner][\/vc_column][\/vc_row][vc_row unlock_row_content=&#8221;yes&#8221; row_height_percent=&#8221;0&#8243; override_padding=&#8221;yes&#8221; h_padding=&#8221;5&#8243; top_padding=&#8221;3&#8243; bottom_padding=&#8221;3&#8243; back_color=&#8221;accent&#8221; overlay_alpha=&#8221;50&#8243; gutter_size=&#8221;3&#8243; column_width_percent=&#8221;100&#8243; shift_y=&#8221;0&#8243; z_index=&#8221;0&#8243; content_parallax=&#8221;0&#8243; uncode_shortcode_id=&#8221;132760&#8243; back_color_type=&#8221;uncode-palette&#8221;][vc_column column_width_use_pixel=&#8221;yes&#8221; position_vertical=&#8221;middle&#8221; align_horizontal=&#8221;align_center&#8221; gutter_size=&#8221;3&#8243; style=&#8221;dark&#8221; overlay_alpha=&#8221;50&#8243; shift_x=&#8221;0&#8243; shift_y=&#8221;0&#8243; shift_y_down=&#8221;0&#8243; z_index=&#8221;0&#8243; medium_width=&#8221;0&#8243; mobile_width=&#8221;0&#8243; width=&#8221;1\/1&#8243; column_width_pixel=&#8221;900&#8243; uncode_shortcode_id=&#8221;681169&#8243;][vc_custom_heading heading_semantic=&#8221;h3&#8243; text_font=&#8221;font-131736&#8243; text_size=&#8221;h1&#8243; uncode_shortcode_id=&#8221;827399&#8243;]Ready to Explore Our Projects?[\/vc_custom_heading][vc_column_text text_lead=&#8221;yes&#8221; uncode_shortcode_id=&#8221;885699&#8243;]Discover our achievements for inspiration or contact us today for a free estimate.[\/vc_column_text][vc_empty_space empty_h=&#8221;2&#8243;][vc_button outline=&#8221;yes&#8221; border_width=&#8221;0&#8243; display=&#8221;inline&#8221; link=&#8221;url:https%3A%2F%2Flesentreprisesick.ca%2Fen%2F%23realisations|title:Our%20Projects|&#8221; uncode_shortcode_id=&#8221;301394&#8243;]Our Projects[\/vc_button][vc_button border_width=&#8221;0&#8243; display=&#8221;inline&#8221; link=&#8221;url:https%3A%2F%2Flesentreprisesick.ca%2Fen%2F%23contact|title:Contact|&#8221; uncode_shortcode_id=&#8221;669759&#8243;]Contact Us[\/vc_button][\/vc_column][\/vc_row]<\/p>\n<\/div>","protected":false},"excerpt":{"rendered":"<p>[vc_row unlock_row_content=&#8221;yes&#8221; row_height_percent=&#8221;55&#8243; override_padding=&#8221;yes&#8221; h_padding=&#8221;5&#8243; top_padding=&#8221;5&#8243; bottom_padding=&#8221;4&#8243; back_color=&#8221;color-wayh&#8221; back_image=&#8221;145235&#8243; back_position=&#8221;center top&#8221; overlay_color=&#8221;accent&#8221; overlay_alpha=&#8221;80&#8243; gutter_size=&#8221;3&#8243; column_width_percent=&#8221;100&#8243; shift_y=&#8221;0&#8243; z_index=&#8221;0&#8243; enable_bottom_divider=&#8221;default&#8221; bottom_divider=&#8221;gradient&#8221; shape_bottom_h_use_pixel=&#8221;true&#8221; [&hellip;]<\/p>\n","protected":false},"author":1,"featured_media":0,"parent":0,"menu_order":0,"comment_status":"closed","ping_status":"closed","template":"","meta":{"footnotes":""},"class_list":["post-145562","page","type-page","status-publish","hentry"],"yoast_head":"<!-- This site is optimized with the Yoast SEO plugin v24.7 - https:\/\/yoast.com\/wordpress\/plugins\/seo\/ -->\n<title>About us - Les Entreprises I.C.K.<\/title>\n<meta name=\"description\" content=\"Specialists in residential renovation, support you in your interior and exterior transformation projects.\" \/>\n<meta name=\"robots\" content=\"index, follow, max-snippet:-1, max-image-preview:large, max-video-preview:-1\" \/>\n<link rel=\"canonical\" href=\"https:\/\/lesentreprisesick.ca\/en\/about-us\/\" \/>\n<meta property=\"og:locale\" content=\"en_US\" \/>\n<meta property=\"og:type\" content=\"article\" \/>\n<meta property=\"og:title\" content=\"Les entreprises I.C.K.\" \/>\n<meta property=\"og:description\" content=\"Specialists in residential renovation, support you in your interior and exterior transformation projects. With over ten years of experience, we ensure high-quality work, respecting your deadlines and budget.\" \/>\n<meta property=\"og:url\" content=\"https:\/\/lesentreprisesick.ca\/en\/about-us\/\" \/>\n<meta property=\"og:site_name\" content=\"Les Entreprises I.C.K.\" \/>\n<meta property=\"article:publisher\" content=\"https:\/\/www.facebook.com\/profile.php?id=100063761553964\" \/>\n<meta property=\"article:modified_time\" content=\"2025-03-10T18:43:33+00:00\" \/>\n<meta property=\"og:image\" content=\"https:\/\/lesentreprisesick.ca\/wp-content\/uploads\/2025\/02\/social-1024x576.jpg\" \/>\n<meta name=\"twitter:card\" content=\"summary_large_image\" \/>\n<meta name=\"twitter:title\" content=\"Les entreprises I.C.K.\" \/>\n<meta name=\"twitter:description\" content=\"Specialists in residential renovation, support you in your interior and exterior transformation projects. With over ten years of experience, we ensure high-quality work, respecting your deadlines and budget.\" \/>\n<meta name=\"twitter:image\" content=\"https:\/\/lesentreprisesick.ca\/wp-content\/uploads\/2025\/02\/social-1024x576.jpg\" \/>\n<meta name=\"twitter:label1\" content=\"Est. reading time\" \/>\n\t<meta name=\"twitter:data1\" content=\"6 minutes\" \/>\n<script type=\"application\/ld+json\" class=\"yoast-schema-graph\">{\"@context\":\"https:\/\/schema.org\",\"@graph\":[{\"@type\":\"WebPage\",\"@id\":\"https:\/\/lesentreprisesick.ca\/en\/about-us\/\",\"url\":\"https:\/\/lesentreprisesick.ca\/en\/about-us\/\",\"name\":\"About us - Les Entreprises I.C.K.\",\"isPartOf\":{\"@id\":\"https:\/\/lesentreprisesick.ca\/en\/#website\"},\"datePublished\":\"2014-12-12T15:33:34+00:00\",\"dateModified\":\"2025-03-10T18:43:33+00:00\",\"description\":\"Specialists in residential renovation, support you in your interior and exterior transformation projects.\",\"breadcrumb\":{\"@id\":\"https:\/\/lesentreprisesick.ca\/en\/about-us\/#breadcrumb\"},\"inLanguage\":\"en-US\",\"potentialAction\":[{\"@type\":\"ReadAction\",\"target\":[\"https:\/\/lesentreprisesick.ca\/en\/about-us\/\"]}]},{\"@type\":\"BreadcrumbList\",\"@id\":\"https:\/\/lesentreprisesick.ca\/en\/about-us\/#breadcrumb\",\"itemListElement\":[{\"@type\":\"ListItem\",\"position\":1,\"name\":\"Home\",\"item\":\"https:\/\/lesentreprisesick.ca\/en\/\"},{\"@type\":\"ListItem\",\"position\":2,\"name\":\"About us\"}]},{\"@type\":\"WebSite\",\"@id\":\"https:\/\/lesentreprisesick.ca\/en\/#website\",\"url\":\"https:\/\/lesentreprisesick.ca\/en\/\",\"name\":\"Les Entreprises I.C.K.\",\"description\":\"Entrepreneur g\u00e9n\u00e9ral en r\u00e9novation\",\"publisher\":{\"@id\":\"https:\/\/lesentreprisesick.ca\/en\/#organization\"},\"potentialAction\":[{\"@type\":\"SearchAction\",\"target\":{\"@type\":\"EntryPoint\",\"urlTemplate\":\"https:\/\/lesentreprisesick.ca\/en\/?s={search_term_string}\"},\"query-input\":{\"@type\":\"PropertyValueSpecification\",\"valueRequired\":true,\"valueName\":\"search_term_string\"}}],\"inLanguage\":\"en-US\"},{\"@type\":\"Organization\",\"@id\":\"https:\/\/lesentreprisesick.ca\/en\/#organization\",\"name\":\"Les Entreprises I.C.K.\",\"url\":\"https:\/\/lesentreprisesick.ca\/en\/\",\"logo\":{\"@type\":\"ImageObject\",\"inLanguage\":\"en-US\",\"@id\":\"https:\/\/lesentreprisesick.ca\/en\/#\/schema\/logo\/image\/\",\"url\":\"https:\/\/lesentreprisesick.ca\/wp-content\/uploads\/2025\/02\/logo-ick.jpg\",\"contentUrl\":\"https:\/\/lesentreprisesick.ca\/wp-content\/uploads\/2025\/02\/logo-ick.jpg\",\"width\":1080,\"height\":1080,\"caption\":\"Les Entreprises I.C.K.\"},\"image\":{\"@id\":\"https:\/\/lesentreprisesick.ca\/en\/#\/schema\/logo\/image\/\"},\"sameAs\":[\"https:\/\/www.facebook.com\/profile.php?id=100063761553964\"]}]}<\/script>\n<!-- \/ Yoast SEO plugin. -->","yoast_head_json":{"title":"About us - Les Entreprises I.C.K.","description":"Specialists in residential renovation, support you in your interior and exterior transformation projects.","robots":{"index":"index","follow":"follow","max-snippet":"max-snippet:-1","max-image-preview":"max-image-preview:large","max-video-preview":"max-video-preview:-1"},"canonical":"https:\/\/lesentreprisesick.ca\/en\/about-us\/","og_locale":"en_US","og_type":"article","og_title":"Les entreprises I.C.K.","og_description":"Specialists in residential renovation, support you in your interior and exterior transformation projects. With over ten years of experience, we ensure high-quality work, respecting your deadlines and budget.","og_url":"https:\/\/lesentreprisesick.ca\/en\/about-us\/","og_site_name":"Les Entreprises I.C.K.","article_publisher":"https:\/\/www.facebook.com\/profile.php?id=100063761553964","article_modified_time":"2025-03-10T18:43:33+00:00","og_image":[{"url":"https:\/\/lesentreprisesick.ca\/wp-content\/uploads\/2025\/02\/social-1024x576.jpg","type":"","width":"","height":""}],"twitter_card":"summary_large_image","twitter_title":"Les entreprises I.C.K.","twitter_description":"Specialists in residential renovation, support you in your interior and exterior transformation projects. With over ten years of experience, we ensure high-quality work, respecting your deadlines and budget.","twitter_image":"https:\/\/lesentreprisesick.ca\/wp-content\/uploads\/2025\/02\/social-1024x576.jpg","twitter_misc":{"Est. reading time":"6 minutes"},"schema":{"@context":"https:\/\/schema.org","@graph":[{"@type":"WebPage","@id":"https:\/\/lesentreprisesick.ca\/en\/about-us\/","url":"https:\/\/lesentreprisesick.ca\/en\/about-us\/","name":"About us - Les Entreprises I.C.K.","isPartOf":{"@id":"https:\/\/lesentreprisesick.ca\/en\/#website"},"datePublished":"2014-12-12T15:33:34+00:00","dateModified":"2025-03-10T18:43:33+00:00","description":"Specialists in residential renovation, support you in your interior and exterior transformation projects.","breadcrumb":{"@id":"https:\/\/lesentreprisesick.ca\/en\/about-us\/#breadcrumb"},"inLanguage":"en-US","potentialAction":[{"@type":"ReadAction","target":["https:\/\/lesentreprisesick.ca\/en\/about-us\/"]}]},{"@type":"BreadcrumbList","@id":"https:\/\/lesentreprisesick.ca\/en\/about-us\/#breadcrumb","itemListElement":[{"@type":"ListItem","position":1,"name":"Home","item":"https:\/\/lesentreprisesick.ca\/en\/"},{"@type":"ListItem","position":2,"name":"About us"}]},{"@type":"WebSite","@id":"https:\/\/lesentreprisesick.ca\/en\/#website","url":"https:\/\/lesentreprisesick.ca\/en\/","name":"Les Entreprises I.C.K.","description":"Entrepreneur g\u00e9n\u00e9ral en r\u00e9novation","publisher":{"@id":"https:\/\/lesentreprisesick.ca\/en\/#organization"},"potentialAction":[{"@type":"SearchAction","target":{"@type":"EntryPoint","urlTemplate":"https:\/\/lesentreprisesick.ca\/en\/?s={search_term_string}"},"query-input":{"@type":"PropertyValueSpecification","valueRequired":true,"valueName":"search_term_string"}}],"inLanguage":"en-US"},{"@type":"Organization","@id":"https:\/\/lesentreprisesick.ca\/en\/#organization","name":"Les Entreprises I.C.K.","url":"https:\/\/lesentreprisesick.ca\/en\/","logo":{"@type":"ImageObject","inLanguage":"en-US","@id":"https:\/\/lesentreprisesick.ca\/en\/#\/schema\/logo\/image\/","url":"https:\/\/lesentreprisesick.ca\/wp-content\/uploads\/2025\/02\/logo-ick.jpg","contentUrl":"https:\/\/lesentreprisesick.ca\/wp-content\/uploads\/2025\/02\/logo-ick.jpg","width":1080,"height":1080,"caption":"Les Entreprises I.C.K."},"image":{"@id":"https:\/\/lesentreprisesick.ca\/en\/#\/schema\/logo\/image\/"},"sameAs":["https:\/\/www.facebook.com\/profile.php?id=100063761553964"]}]}},"_links":{"self":[{"href":"https:\/\/lesentreprisesick.ca\/en\/wp-json\/wp\/v2\/pages\/145562","targetHints":{"allow":["GET"]}}],"collection":[{"href":"https:\/\/lesentreprisesick.ca\/en\/wp-json\/wp\/v2\/pages"}],"about":[{"href":"https:\/\/lesentreprisesick.ca\/en\/wp-json\/wp\/v2\/types\/page"}],"author":[{"embeddable":true,"href":"https:\/\/lesentreprisesick.ca\/en\/wp-json\/wp\/v2\/users\/1"}],"replies":[{"embeddable":true,"href":"https:\/\/lesentreprisesick.ca\/en\/wp-json\/wp\/v2\/comments?post=145562"}],"version-history":[{"count":4,"href":"https:\/\/lesentreprisesick.ca\/en\/wp-json\/wp\/v2\/pages\/145562\/revisions"}],"predecessor-version":[{"id":145596,"href":"https:\/\/lesentreprisesick.ca\/en\/wp-json\/wp\/v2\/pages\/145562\/revisions\/145596"}],"wp:attachment":[{"href":"https:\/\/lesentreprisesick.ca\/en\/wp-json\/wp\/v2\/media?parent=145562"}],"curies":[{"name":"wp","href":"https:\/\/api.w.org\/{rel}","templated":true}]}}